{"id":914,"date":"2025-04-24T17:20:30","date_gmt":"2025-04-24T15:20:30","guid":{"rendered":"https:\/\/stg.ceesar.fr\/?page_id=914"},"modified":"2025-06-11T16:29:41","modified_gmt":"2025-06-11T14:29:41","slug":"recrutement","status":"publish","type":"page","link":"https:\/\/stg.ceesar.fr\/index.php\/recrutement\/","title":{"rendered":"Recrutement"},"content":{"rendered":"\n<div class=\"wp-block-group alignfull has-base-2-color has-accent-3-background-color has-text-color has-background has-link-color wp-elements-7c711a82558b84026224890165202df2 has-global-padding is-layout-constrained wp-container-core-group-is-layout-80fb368b wp-block-group-is-layout-constrained\" style=\"padding-top:var(--wp--preset--spacing--30);padding-right:var(--wp--preset--spacing--30);padding-bottom:var(--wp--preset--spacing--30);padding-left:var(--wp--preset--spacing--30)\">\n<h1 class=\"wp-block-heading has-base-2-color has-text-color has-link-color wp-elements-5707792ce8722ec67b5934922d0d71d5\">Rejoignez nous !<\/h1>\n\n\n\n<p>La multiplicit\u00e9 des comp\u00e9tences n\u00e9cessaires \u00e0 la r\u00e9alisation des travaux du CEESAR conduit \u00e0 rechercher des personnalit\u00e9s motiv\u00e9es et polyvalentes, en fonction des orientations techniques et scientifiques de nos futurs projets.<\/p>\n\n\n\n<p>Vous pouvez candidater aux offres d\u2019emploi, de stage ou d&rsquo;alternance en cours, mais le CEESAR anticipe ses besoins en nouvelles comp\u00e9tences : nous sommes toujours int\u00e9ress\u00e9s par de nouveaux contacts. N&rsquo;h\u00e9sitez donc pas \u00e0 nous faire part de votre candidature spontan\u00e9e ?<\/p>\n<\/div>\n\n\n\n<div class=\"wp-block-group alignfull has-background has-global-padding is-layout-constrained wp-container-core-group-is-layout-dfb96d97 wp-block-group-is-layout-constrained\" style=\"background-color:#e7ebee;margin-top:0;margin-bottom:0;padding-top:var(--wp--preset--spacing--10);padding-right:0;padding-bottom:var(--wp--preset--spacing--10);padding-left:0\">\n<h2 class=\"wp-block-heading\">Offres en cours<\/h2>\n\n\n\n<div class=\"wp-block-group alignfull has-global-padding is-layout-constrained wp-container-core-group-is-layout-72190d31 wp-block-group-is-layout-constrained\" style=\"margin-top:0;margin-bottom:0;padding-top:0;padding-right:0;padding-bottom:0;padding-left:0\">\n<div class=\"wp-block-group has-global-padding is-layout-constrained wp-block-group-is-layout-constrained\">\n<div class=\"wp-block-query alignwide is-layout-flow wp-block-query-is-layout-flow\"><ul class=\"wp-block-post-template is-layout-flow wp-block-post-template-is-layout-flow\"><li class=\"wp-block-post post-927 post type-post status-publish format-standard hentry category-offreemploi\">\n\n<hr class=\"wp-block-separator has-text-color has-contrast-3-color has-alpha-channel-opacity has-contrast-3-background-color has-background alignwide is-style-wide\"\/>\n\n\n\n<div class=\"wp-block-columns alignwide are-vertically-aligned-center is-layout-flex wp-container-core-columns-is-layout-33233fb6 wp-block-columns-is-layout-flex\" style=\"margin-top:var(--wp--preset--spacing--20);margin-bottom:var(--wp--preset--spacing--20)\">\n<div class=\"wp-block-column is-vertically-aligned-center is-layout-flow wp-block-column-is-layout-flow\" style=\"flex-basis:28%\"><div class=\"wp-block-template-part\">\n<div class=\"wp-block-group has-contrast-color has-text-color has-link-color wp-elements-1244c7c91b96ad5d70474f0e86008ed7 has-global-padding is-layout-constrained wp-block-group-is-layout-constrained\">\n<div class=\"wp-block-group is-content-justification-left is-layout-flex wp-container-core-group-is-layout-dfe8e91f wp-block-group-is-layout-flex\"><div class=\"wp-block-post-date\"><time datetime=\"2025-06-11T17:39:00+02:00\"><a href=\"https:\/\/stg.ceesar.fr\/index.php\/2025\/06\/11\/offre-demploi-ingenieure-robotique-vehicules-automatises\/\">Juin 11, 2025<\/a><\/time><\/div><\/div>\n<\/div>\n<\/div><\/div>\n\n\n\n<div class=\"wp-block-column is-vertically-aligned-center is-layout-flow wp-block-column-is-layout-flow\" style=\"flex-basis:72%\"><h2 style=\"font-size:clamp(0.984rem, 0.984rem + ((1vw - 0.2rem) * 0.86), 1.5rem);line-height:1.1;\" class=\"wp-block-post-title\"><a href=\"https:\/\/stg.ceesar.fr\/index.php\/2025\/06\/11\/offre-demploi-ingenieure-robotique-vehicules-automatises\/\" target=\"_self\" >Offre d&#8217;emploi : Ing\u00e9nieur\u00b7e Robotique \u2013 V\u00e9hicules Automatis\u00e9s<\/a><\/h2><\/div>\n<\/div>\n\n<\/li><li class=\"wp-block-post post-1008 post type-post status-publish format-standard hentry category-offreemploi\">\n\n<hr class=\"wp-block-separator has-text-color has-contrast-3-color has-alpha-channel-opacity has-contrast-3-background-color has-background alignwide is-style-wide\"\/>\n\n\n\n<div class=\"wp-block-columns alignwide are-vertically-aligned-center is-layout-flex wp-container-core-columns-is-layout-33233fb6 wp-block-columns-is-layout-flex\" style=\"margin-top:var(--wp--preset--spacing--20);margin-bottom:var(--wp--preset--spacing--20)\">\n<div class=\"wp-block-column is-vertically-aligned-center is-layout-flow wp-block-column-is-layout-flow\" style=\"flex-basis:28%\"><div class=\"wp-block-template-part\">\n<div class=\"wp-block-group has-contrast-color has-text-color has-link-color wp-elements-1244c7c91b96ad5d70474f0e86008ed7 has-global-padding is-layout-constrained wp-block-group-is-layout-constrained\">\n<div class=\"wp-block-group is-content-justification-left is-layout-flex wp-container-core-group-is-layout-dfe8e91f wp-block-group-is-layout-flex\"><div class=\"wp-block-post-date\"><time datetime=\"2025-02-22T14:00:00+01:00\"><a href=\"https:\/\/stg.ceesar.fr\/index.php\/2025\/02\/22\/offre-demploi-candidature-spontanee-desa\/\">F\u00e9v 22, 2025<\/a><\/time><\/div><\/div>\n<\/div>\n<\/div><\/div>\n\n\n\n<div class=\"wp-block-column is-vertically-aligned-center is-layout-flow wp-block-column-is-layout-flow\" style=\"flex-basis:72%\"><h2 style=\"font-size:clamp(0.984rem, 0.984rem + ((1vw - 0.2rem) * 0.86), 1.5rem);line-height:1.1;\" class=\"wp-block-post-title\"><a href=\"https:\/\/stg.ceesar.fr\/index.php\/2025\/02\/22\/offre-demploi-candidature-spontanee-desa\/\" target=\"_self\" >Offre d&#8217;emploi : Candidature spontan\u00e9e &#8211; DESA<\/a><\/h2><\/div>\n<\/div>\n\n<\/li><\/ul>\n\n\n<div style=\"height:var(--wp--preset--spacing--30)\" aria-hidden=\"true\" class=\"wp-block-spacer\"><\/div>\n\n\n<\/div>\n<\/div>\n<\/div>\n<\/div>\n\n\n\n<h2 class=\"wp-block-heading\">Candidature spontan\u00e9e<\/h2>\n\n\n<style id=\"wpforms-css-vars-918-block-9eb00a52-b994-4fcd-845b-d5bdc16261d5\">\n\t\t\t\t#wpforms-918.wpforms-block-9eb00a52-b994-4fcd-845b-d5bdc16261d5 {\n\t\t\t\t--wpforms-label-sublabel-color: #8a98a8;\n--wpforms-label-error-color: #ca323a;\n--wpforms-field-border-radius: 1px;\n--wpforms-button-border-radius: 4px;\n--wpforms-button-background-color: #000000;\n--wpforms-field-size-input-height: 43px;\n--wpforms-field-size-input-spacing: 15px;\n--wpforms-field-size-font-size: 16px;\n--wpforms-field-size-line-height: 19px;\n--wpforms-field-size-padding-h: 14px;\n--wpforms-field-size-checkbox-size: 16px;\n--wpforms-field-size-sublabel-spacing: 5px;\n--wpforms-field-size-icon-size: 1;\n--wpforms-label-size-font-size: 16px;\n--wpforms-label-size-line-height: 19px;\n--wpforms-label-size-sublabel-font-size: 14px;\n--wpforms-label-size-sublabel-line-height: 17px;\n--wpforms-button-size-font-size: 17px;\n--wpforms-button-size-height: 41px;\n--wpforms-button-size-padding-h: 15px;\n--wpforms-button-size-margin-top: 10px;\n\n\t\t\t}\n\t\t\t<\/style><div class=\"wpforms-container wpforms-container-full wpforms-block wpforms-block-9eb00a52-b994-4fcd-845b-d5bdc16261d5 wpforms-render-modern\" id=\"wpforms-918\"><form id=\"wpforms-form-918\" class=\"wpforms-validate wpforms-form wpforms-ajax-form\" data-formid=\"918\" method=\"post\" enctype=\"multipart\/form-data\" action=\"\/index.php\/wp-json\/wp\/v2\/pages\/914?wpforms_form_id=918\" data-token=\"4f8247575815857d32448339824d7715\" data-token-time=\"1776140973\"><noscript class=\"wpforms-error-noscript\">Veuillez activer JavaScript dans votre navigateur pour remplir ce formulaire.<\/noscript><div class=\"wpforms-hidden\" id=\"wpforms-error-noscript\">Veuillez activer JavaScript dans votre navigateur pour remplir ce formulaire.<\/div><div class=\"wpforms-field-container\"><div id=\"wpforms-918-field_1-container\" class=\"wpforms-field wpforms-field-name\" data-field-id=\"1\"><fieldset><legend class=\"wpforms-field-label\">Pr\u00e9nom, Nom <span class=\"wpforms-required-label\" aria-hidden=\"true\">*<\/span><\/legend><div class=\"wpforms-field-row wpforms-field-medium\"><div class=\"wpforms-field-row-block wpforms-first wpforms-one-half\"><input type=\"text\" id=\"wpforms-918-field_1\" class=\"wpforms-field-name-first wpforms-field-required\" name=\"wpforms[fields][1][first]\" aria-errormessage=\"wpforms-918-field_1-error\" required><label for=\"wpforms-918-field_1\" class=\"wpforms-field-sublabel after\">Pr\u00e9nom<\/label><\/div><div class=\"wpforms-field-row-block wpforms-one-half\"><input type=\"text\" id=\"wpforms-918-field_1-last\" class=\"wpforms-field-name-last wpforms-field-required\" name=\"wpforms[fields][1][last]\" aria-errormessage=\"wpforms-918-field_1-last-error\" required><label for=\"wpforms-918-field_1-last\" class=\"wpforms-field-sublabel after\">Nom<\/label><\/div><\/div><\/fieldset><\/div><div id=\"wpforms-918-field_2-container\" class=\"wpforms-field wpforms-field-email\" data-field-id=\"2\"><label class=\"wpforms-field-label\" for=\"wpforms-918-field_2\">E-mail <span class=\"wpforms-required-label\" aria-hidden=\"true\">*<\/span><\/label><input type=\"email\" id=\"wpforms-918-field_2\" class=\"wpforms-field-medium wpforms-field-required\" name=\"wpforms[fields][2]\" spellcheck=\"false\" aria-errormessage=\"wpforms-918-field_2-error\" required><\/div><div id=\"wpforms-918-field_8-container\" class=\"wpforms-field wpforms-field-text\" data-field-id=\"8\"><label class=\"wpforms-field-label\" for=\"wpforms-918-field_8\">T\u00e9l\u00e9phone<\/label><input type=\"text\" id=\"wpforms-918-field_8\" class=\"wpforms-field-medium\" name=\"wpforms[fields][8]\" aria-errormessage=\"wpforms-918-field_8-error\" ><\/div><div id=\"wpforms-918-field_11-container\" class=\"wpforms-field wpforms-field-file-upload\" data-field-id=\"11\"><label class=\"wpforms-field-label\" for=\"wpforms-918-field_11\">Curriculum Vitae <span class=\"wpforms-required-label\" aria-hidden=\"true\">*<\/span><\/label><div\n\t\tclass=\"wpforms-uploader\"\n\t\tdata-field-id=\"11\"\n\t\tdata-form-id=\"918\"\n\t\tdata-input-name=\"wpforms_918_11\"\n\t\tdata-extensions=\"pdf\"\n\t\tdata-max-size=\"15728640\"\n\t\tdata-max-file-number=\"1\"\n\t\tdata-post-max-size=\"314572800\"\n\t\tdata-max-parallel-uploads=\"4\"\n\t\tdata-parallel-uploads=\"true\"\n\t\tdata-file-chunk-size=\"2097152\">\n\t<div class=\"dz-message\">\n\t\t<svg viewBox=\"0 0 1024 1024\" focusable=\"false\" data-icon=\"inbox\" width=\"50px\" height=\"50px\" fill=\"currentColor\" aria-hidden=\"true\">\n\t\t\t<path d=\"M885.2 446.3l-.2-.8-112.2-285.1c-5-16.1-19.9-27.2-36.8-27.2H281.2c-17 0-32.1 11.3-36.9 27.6L139.4 443l-.3.7-.2.8c-1.3 4.9-1.7 9.9-1 14.8-.1 1.6-.2 3.2-.2 4.8V830a60.9 60.9 0 0 0 60.8 60.8h627.2c33.5 0 60.8-27.3 60.9-60.8V464.1c0-1.3 0-2.6-.1-3.7.4-4.9 0-9.6-1.3-14.1zm-295.8-43l-.3 15.7c-.8 44.9-31.8 75.1-77.1 75.1-22.1 0-41.1-7.1-54.8-20.6S436 441.2 435.6 419l-.3-15.7H229.5L309 210h399.2l81.7 193.3H589.4zm-375 76.8h157.3c24.3 57.1 76 90.8 140.4 90.8 33.7 0 65-9.4 90.3-27.2 22.2-15.6 39.5-37.4 50.7-63.6h156.5V814H214.4V480.1z\"><\/path>\n\t\t<\/svg>\n\t\t<span class=\"modern-title\">Cliquez ou d\u00e9placez un fichier dans cette zone pour le t\u00e9l\u00e9verser.<\/span>\n\n\t\t\t<\/div>\n<\/div>\n<input\n\t\ttype=\"text\"\n\t\tautocomplete=\"off\"\n\t\treadonly\n\t\tclass=\"dropzone-input\"\n\t\tstyle=\"position:absolute!important;clip:rect(0,0,0,0)!important;height:1px!important;width:1px!important;border:0!important;overflow:hidden!important;padding:0!important;margin:0!important;\"\n\t\tid=\"wpforms-918-field_11\"\n\t\tname=\"wpforms_918_11\" required\t\tvalue=\"\">\n<div id=\"wpforms-918-field_11-description\" class=\"wpforms-field-description\">Merci d&rsquo;attacher en pi\u00e8ce jointe votre Curriculum Vitae au format .pdf<\/div><\/div><div id=\"wpforms-918-field_10-container\" class=\"wpforms-field wpforms-field-text\" data-field-id=\"10\"><label class=\"wpforms-field-label\" for=\"wpforms-918-field_10\">Linkedin<\/label><input type=\"text\" id=\"wpforms-918-field_10\" class=\"wpforms-field-medium\" name=\"wpforms[fields][10]\" aria-errormessage=\"wpforms-918-field_10-error\" ><\/div><div id=\"wpforms-918-field_3-container\" class=\"wpforms-field wpforms-field-textarea\" data-field-id=\"3\"><label class=\"wpforms-field-label\" for=\"wpforms-918-field_3\">Expliquez-nous pourquoi vous pensez \u00eatre la bonne personne, et que le CEESAR est la bonne entreprise pour vous.<\/label><textarea id=\"wpforms-918-field_3\" class=\"wpforms-field-large\" name=\"wpforms[fields][3]\" aria-errormessage=\"wpforms-918-field_3-error\" aria-describedby=\"wpforms-918-field_3-description\" ><\/textarea><div id=\"wpforms-918-field_3-description\" class=\"wpforms-field-description\">Les informations que vous nous transmettez sont trait\u00e9es par le CEESAR \u00e0 des fins de gestion du recrutement. Elles sont conserv\u00e9es pendant 2 ans \u00e0 compter de la r\u00e9ception.\nVous disposez de droits (acc\u00e8s, rectification, suppression, limitation) que vous pouvez exercer \u00e0 l\u2019adresse suivante : data.privacy@ceesar.fr.\n <a href=\"http:\/\/servwrdpress-desc01.ceesar-desc.lan\/index.php\/mentions-legales\/\">Voir la politique de confidentialit\u00e9<\/a><\/div><\/div><div id=\"wpforms-918-field_6-container\" class=\"wpforms-field wpforms-field-payment-checkbox\" data-field-id=\"6\"><fieldset><legend class=\"wpforms-field-label wpforms-label-hide\" aria-hidden=\"false\"> <span class=\"wpforms-required-label\" aria-hidden=\"true\">*<\/span><\/legend><ul id=\"wpforms-918-field_6\" class=\"wpforms-field-required\"><li class=\"choice-1\"><input type=\"checkbox\" id=\"wpforms-918-field_6_1\" class=\"wpforms-payment-price\" data-amount=\"0.00\" name=\"wpforms[fields][6][]\" value=\"1\" aria-errormessage=\"wpforms-918-field_6_1-error\" required ><label class=\"wpforms-field-label-inline\" for=\"wpforms-918-field_6_1\">J\u2019ai lu et j\u2019accepte les conditions de traitement de mes donn\u00e9es conformes \u00e0 la <a href=\"http:\/\/servwrdpress-desc01.ceesar-desc.lan\/index.php\/mentions-legales\/\">politique de confidentialit\u00e9<\/a>.<\/label><\/li><\/ul><\/fieldset><\/div><\/div><!-- .wpforms-field-container --><div class=\"wpforms-submit-container\" ><input type=\"hidden\" name=\"wpforms[id]\" value=\"918\"><input type=\"hidden\" name=\"page_title\" value=\"\"><input type=\"hidden\" name=\"page_url\" value=\"https:\/\/stg.ceesar.fr\/index.php\/wp-json\/wp\/v2\/pages\/914\"><input type=\"hidden\" name=\"url_referer\" value=\"\"><button type=\"submit\" name=\"wpforms[submit]\" id=\"wpforms-submit-918\" class=\"wpforms-submit\" data-alt-text=\"Envoi...\" data-submit-text=\"Envoyer\" aria-live=\"assertive\" value=\"wpforms-submit\">Envoyer<\/button><img loading=\"lazy\" decoding=\"async\" src=\"https:\/\/stg.ceesar.fr\/wp-content\/plugins\/wpforms\/assets\/images\/submit-spin.svg\" class=\"wpforms-submit-spinner\" style=\"display: none;\" width=\"26\" height=\"26\" alt=\"Chargement en cours\"><\/div><\/form><\/div>  <!-- .wpforms-container -->","protected":false},"excerpt":{"rendered":"<p>Rejoignez nous ! La multiplicit\u00e9 des comp\u00e9tences n\u00e9cessaires \u00e0 la r\u00e9alisation des travaux du CEESAR conduit \u00e0 rechercher des personnalit\u00e9s motiv\u00e9es et polyvalentes, en fonction des orientations techniques et scientifiques de nos futurs projets. Vous pouvez candidater aux offres d\u2019emploi, de stage ou d&rsquo;alternance en cours, mais le CEESAR anticipe ses besoins en nouvelles comp\u00e9tences [&hellip;]<\/p>\n","protected":false},"author":1,"featured_media":0,"parent":0,"menu_order":0,"comment_status":"closed","ping_status":"closed","template":"page-no-title","meta":{"footnotes":""},"class_list":["post-914","page","type-page","status-publish","hentry"],"_links":{"self":[{"href":"https:\/\/stg.ceesar.fr\/index.php\/wp-json\/wp\/v2\/pages\/914","targetHints":{"allow":["GET"]}}],"collection":[{"href":"https:\/\/stg.ceesar.fr\/index.php\/wp-json\/wp\/v2\/pages"}],"about":[{"href":"https:\/\/stg.ceesar.fr\/index.php\/wp-json\/wp\/v2\/types\/page"}],"author":[{"embeddable":true,"href":"https:\/\/stg.ceesar.fr\/index.php\/wp-json\/wp\/v2\/users\/1"}],"replies":[{"embeddable":true,"href":"https:\/\/stg.ceesar.fr\/index.php\/wp-json\/wp\/v2\/comments?post=914"}],"version-history":[{"count":13,"href":"https:\/\/stg.ceesar.fr\/index.php\/wp-json\/wp\/v2\/pages\/914\/revisions"}],"predecessor-version":[{"id":1082,"href":"https:\/\/stg.ceesar.fr\/index.php\/wp-json\/wp\/v2\/pages\/914\/revisions\/1082"}],"wp:attachment":[{"href":"https:\/\/stg.ceesar.fr\/index.php\/wp-json\/wp\/v2\/media?parent=914"}],"curies":[{"name":"wp","href":"https:\/\/api.w.org\/{rel}","templated":true}]}}