{"id":909,"date":"2025-04-24T15:38:19","date_gmt":"2025-04-24T13:38:19","guid":{"rendered":"https:\/\/stg.ceesar.fr\/?page_id=909"},"modified":"2025-04-25T11:20:45","modified_gmt":"2025-04-25T09:20:45","slug":"formulaire-de-demande-dinformation-ou-de-reclamation","status":"publish","type":"page","link":"https:\/\/stg.ceesar.fr\/index.php\/formulaire-de-demande-dinformation-ou-de-reclamation\/","title":{"rendered":"Demande d&rsquo;information ou de r\u00e9clamation"},"content":{"rendered":"\n<p>Dans le cadre de ses missions d\u2019int\u00e9r\u00eat public, le CEESAR \u2013 Centre Europ\u00e9en d&rsquo;\u00c9tudes de S\u00e9curit\u00e9 et d\u2019Analyse des Risques, situ\u00e9 au 215, avenue Georges Clemenceau, 92000 NANTERRE, et joignable \u00e0&nbsp;<strong>contact@ceesar.fr<\/strong>, m\u00e8ne des \u00e9tudes scientifiques de s\u00e9curit\u00e9 routi\u00e8re.<\/p>\n\n\n\n<p>Ces \u00e9tudes s\u2019appuient parfois sur des donn\u00e9es personnelles collect\u00e9es par des services tiers (services de secours, forces de l\u2019ordre, enqu\u00eateurs de terrain, Etc.). Ces donn\u00e9es peuvent concerner des \u00e9l\u00e9ments d\u2019ordre administratif, social, comportemental ou, dans certains cas, de sant\u00e9. Leur collecte se fait exclusivement \u00e0 des fins de recherche, dans le respect des principes de n\u00e9cessit\u00e9, de minimisation et de s\u00e9curit\u00e9 des donn\u00e9es. Ces donn\u00e9es personnelles ne pr\u00e9sentent pas en soi un int\u00e9r\u00eat scientifique et sont par cons\u00e9quent tr\u00e8s rapidement anonymis\u00e9es.<\/p>\n\n\n\n<p>Vous avez r\u00e9cemment appris que des donn\u00e9es personnelles vous concernant ont pu \u00eatre transmises au CEESAR dans ce cadre. Dans la majorit\u00e9 des cas, les personnes concern\u00e9es ne peuvent pas \u00eatre inform\u00e9es&nbsp;<strong>au moment de la collecte<\/strong>, en raison du&nbsp;<strong>d\u00e9calage temporel<\/strong>&nbsp;entre la survenue d\u2019un accident et le d\u00e9but de son analyse scientifique.<\/p>\n\n\n\n<p>M\u00eame lorsque les donn\u00e9es ne sont pas directement recueillies aupr\u00e8s de vous,&nbsp;<strong>vous conservez l\u2019ensemble de vos droits <\/strong>pr\u00e9vus par le RGPD et la Loi Informatique et Libert\u00e9s : droit \u00e0 l&rsquo;information, \u00e0 la minimisation, \u00e0 la rectification, droit d&rsquo;opposition ou \u00e0 l&rsquo;effacement dans certains cas.<\/p>\n\n\n\n<p>Pour cela, vous pouvez remplir le formulaire ci-dessous. Ce formulaire vous permet notamment de :<\/p>\n\n\n\n<ul class=\"wp-block-list\">\n<li>Demander&nbsp;<strong>l\u2019acc\u00e8s<\/strong>&nbsp;\u00e0 vos donn\u00e9es si elles existent encore<\/li>\n\n\n\n<li>Obtenir des&nbsp;<strong>informations<\/strong>&nbsp;sur les traitements r\u00e9alis\u00e9s,<\/li>\n\n\n\n<li>Demander l&rsquo;exercice de vos droits<\/li>\n<\/ul>\n\n\n\n<p>Une r\u00e9ponse vous sera adress\u00e9e dans un d\u00e9lai maximal d\u2019un mois, conform\u00e9ment \u00e0 l\u2019article 12 du RGPD.<\/p>\n\n\n<style id=\"wpforms-css-vars-942-block-754f5baf-fb6d-4854-a267-0604491ddb46\">\n\t\t\t\t#wpforms-942.wpforms-block-754f5baf-fb6d-4854-a267-0604491ddb46 {\n\t\t\t\t--wpforms-label-sublabel-color: #8a98a8;\n--wpforms-label-error-color: #ca323a;\n--wpforms-field-border-radius: 1px;\n--wpforms-button-border-radius: 4px;\n--wpforms-button-background-color: #000000;\n--wpforms-field-size-input-height: 43px;\n--wpforms-field-size-input-spacing: 15px;\n--wpforms-field-size-font-size: 16px;\n--wpforms-field-size-line-height: 19px;\n--wpforms-field-size-padding-h: 14px;\n--wpforms-field-size-checkbox-size: 16px;\n--wpforms-field-size-sublabel-spacing: 5px;\n--wpforms-field-size-icon-size: 1;\n--wpforms-label-size-font-size: 16px;\n--wpforms-label-size-line-height: 19px;\n--wpforms-label-size-sublabel-font-size: 14px;\n--wpforms-label-size-sublabel-line-height: 17px;\n--wpforms-button-size-font-size: 17px;\n--wpforms-button-size-height: 41px;\n--wpforms-button-size-padding-h: 15px;\n--wpforms-button-size-margin-top: 10px;\n\n\t\t\t}\n\t\t\t<\/style><div class=\"wpforms-container wpforms-container-full wpforms-block wpforms-block-754f5baf-fb6d-4854-a267-0604491ddb46 wpforms-render-modern\" id=\"wpforms-942\"><form id=\"wpforms-form-942\" class=\"wpforms-validate wpforms-form wpforms-ajax-form\" data-formid=\"942\" method=\"post\" enctype=\"multipart\/form-data\" action=\"\/index.php\/wp-json\/wp\/v2\/pages\/909\" data-token=\"2a8ee3a3b719d5b9d205aea121c1b9ad\" data-token-time=\"1776174639\"><noscript class=\"wpforms-error-noscript\">Veuillez activer JavaScript dans votre navigateur pour remplir ce formulaire.<\/noscript><div class=\"wpforms-hidden\" id=\"wpforms-error-noscript\">Veuillez activer JavaScript dans votre navigateur pour remplir ce formulaire.<\/div><div class=\"wpforms-field-container\"><div id=\"wpforms-942-field_1-container\" class=\"wpforms-field wpforms-field-name\" data-field-id=\"1\"><fieldset><legend class=\"wpforms-field-label\">Pr\u00e9nom, Nom <span class=\"wpforms-required-label\" aria-hidden=\"true\">*<\/span><\/legend><div class=\"wpforms-field-row wpforms-field-medium\"><div class=\"wpforms-field-row-block wpforms-first wpforms-one-half\"><input type=\"text\" id=\"wpforms-942-field_1\" class=\"wpforms-field-name-first wpforms-field-required\" name=\"wpforms[fields][1][first]\" aria-errormessage=\"wpforms-942-field_1-error\" required><label for=\"wpforms-942-field_1\" class=\"wpforms-field-sublabel after\">Pr\u00e9nom<\/label><\/div><div class=\"wpforms-field-row-block wpforms-one-half\"><input type=\"text\" id=\"wpforms-942-field_1-last\" class=\"wpforms-field-name-last wpforms-field-required\" name=\"wpforms[fields][1][last]\" aria-errormessage=\"wpforms-942-field_1-last-error\" required><label for=\"wpforms-942-field_1-last\" class=\"wpforms-field-sublabel after\">Nom<\/label><\/div><\/div><\/fieldset><\/div><div id=\"wpforms-942-field_2-container\" class=\"wpforms-field wpforms-field-email\" data-field-id=\"2\"><label class=\"wpforms-field-label\" for=\"wpforms-942-field_2\">E-mail <span class=\"wpforms-required-label\" aria-hidden=\"true\">*<\/span><\/label><input type=\"email\" id=\"wpforms-942-field_2\" class=\"wpforms-field-medium wpforms-field-required\" name=\"wpforms[fields][2]\" spellcheck=\"false\" aria-errormessage=\"wpforms-942-field_2-error\" required><\/div><div id=\"wpforms-942-field_11-container\" class=\"wpforms-field wpforms-field-checkbox\" data-field-id=\"11\"><fieldset><legend class=\"wpforms-field-label\">Objet de votre demande <span class=\"wpforms-required-label\" aria-hidden=\"true\">*<\/span><\/legend><ul id=\"wpforms-942-field_11\" class=\"wpforms-field-required\"><li class=\"choice-1 depth-1\"><input type=\"checkbox\" id=\"wpforms-942-field_11_1\" name=\"wpforms[fields][11][]\" value=\"Acc\u00e8s\" aria-errormessage=\"wpforms-942-field_11_1-error\" required ><label class=\"wpforms-field-label-inline\" for=\"wpforms-942-field_11_1\">Acc\u00e8s<\/label><\/li><li class=\"choice-2 depth-1\"><input type=\"checkbox\" id=\"wpforms-942-field_11_2\" name=\"wpforms[fields][11][]\" value=\"Rectification\" aria-errormessage=\"wpforms-942-field_11_2-error\" required ><label class=\"wpforms-field-label-inline\" for=\"wpforms-942-field_11_2\">Rectification<\/label><\/li><li class=\"choice-3 depth-1\"><input type=\"checkbox\" id=\"wpforms-942-field_11_3\" name=\"wpforms[fields][11][]\" value=\"Information\" aria-errormessage=\"wpforms-942-field_11_3-error\" required ><label class=\"wpforms-field-label-inline\" for=\"wpforms-942-field_11_3\">Information<\/label><\/li><li class=\"choice-4 depth-1\"><input type=\"checkbox\" id=\"wpforms-942-field_11_4\" name=\"wpforms[fields][11][]\" value=\"Opposition\" aria-errormessage=\"wpforms-942-field_11_4-error\" required ><label class=\"wpforms-field-label-inline\" for=\"wpforms-942-field_11_4\">Opposition<\/label><\/li><li class=\"choice-5 depth-1\"><input type=\"checkbox\" id=\"wpforms-942-field_11_5\" name=\"wpforms[fields][11][]\" value=\"Effacement\" aria-errormessage=\"wpforms-942-field_11_5-error\" required ><label class=\"wpforms-field-label-inline\" for=\"wpforms-942-field_11_5\">Effacement<\/label><\/li><\/ul><\/fieldset><\/div><div id=\"wpforms-942-field_3-container\" class=\"wpforms-field wpforms-field-textarea\" data-field-id=\"3\"><label class=\"wpforms-field-label\" for=\"wpforms-942-field_3\">D\u00e9crivez pr\u00e9cis\u00e9ment votre demande <span class=\"wpforms-required-label\" aria-hidden=\"true\">*<\/span><\/label><textarea id=\"wpforms-942-field_3\" class=\"wpforms-field-large wpforms-field-required\" name=\"wpforms[fields][3]\" aria-errormessage=\"wpforms-942-field_3-error\" aria-describedby=\"wpforms-942-field_3-description\" required><\/textarea><div id=\"wpforms-942-field_3-description\" class=\"wpforms-field-description\">Les donn\u00e9es personnelles collect\u00e9es via ce formulaire sont strictement limit\u00e9es au traitement de votre demande. Elles sont effac\u00e9es d\u00e8s que la requ\u00eate, ou ses suites \u00e9ventuelles, sont consid\u00e9r\u00e9es comme closes.<\/div><\/div><div id=\"wpforms-942-field_6-container\" class=\"wpforms-field wpforms-field-payment-checkbox\" data-field-id=\"6\"><fieldset><legend class=\"wpforms-field-label wpforms-label-hide\" aria-hidden=\"false\"> <span class=\"wpforms-required-label\" aria-hidden=\"true\">*<\/span><\/legend><ul id=\"wpforms-942-field_6\" class=\"wpforms-field-required\"><li class=\"choice-1\"><input type=\"checkbox\" id=\"wpforms-942-field_6_1\" class=\"wpforms-payment-price\" data-amount=\"0.00\" name=\"wpforms[fields][6][]\" value=\"1\" aria-errormessage=\"wpforms-942-field_6_1-error\" required ><label class=\"wpforms-field-label-inline\" for=\"wpforms-942-field_6_1\">J\u2019ai lu et j\u2019accepte les conditions de traitement de mes donn\u00e9es conformes \u00e0 la <a href=\"http:\/\/servwrdpress-desc01.ceesar-desc.lan\/index.php\/mentions-legales\/\">politique de confidentialit\u00e9<\/a><\/label><\/li><\/ul><\/fieldset><\/div><\/div><!-- .wpforms-field-container --><div class=\"wpforms-submit-container\" ><input type=\"hidden\" name=\"wpforms[id]\" value=\"942\"><input type=\"hidden\" name=\"page_title\" value=\"\"><input type=\"hidden\" name=\"page_url\" value=\"https:\/\/stg.ceesar.fr\/index.php\/wp-json\/wp\/v2\/pages\/909\"><input type=\"hidden\" name=\"url_referer\" value=\"\"><button type=\"submit\" name=\"wpforms[submit]\" id=\"wpforms-submit-942\" class=\"wpforms-submit\" data-alt-text=\"Envoi...\" data-submit-text=\"Envoyer\" aria-live=\"assertive\" value=\"wpforms-submit\">Envoyer<\/button><img loading=\"lazy\" decoding=\"async\" src=\"https:\/\/stg.ceesar.fr\/wp-content\/plugins\/wpforms\/assets\/images\/submit-spin.svg\" class=\"wpforms-submit-spinner\" style=\"display: none;\" width=\"26\" height=\"26\" alt=\"Chargement en cours\"><\/div><\/form><\/div>  <!-- .wpforms-container -->","protected":false},"excerpt":{"rendered":"<p>Dans le cadre de ses missions d\u2019int\u00e9r\u00eat public, le CEESAR \u2013 Centre Europ\u00e9en d&rsquo;\u00c9tudes de S\u00e9curit\u00e9 et d\u2019Analyse des Risques, situ\u00e9 au 215, avenue Georges Clemenceau, 92000 NANTERRE, et joignable \u00e0&nbsp;contact@ceesar.fr, m\u00e8ne des \u00e9tudes scientifiques de s\u00e9curit\u00e9 routi\u00e8re. Ces \u00e9tudes s\u2019appuient parfois sur des donn\u00e9es personnelles collect\u00e9es par des services tiers (services de secours, forces [&hellip;]<\/p>\n","protected":false},"author":1,"featured_media":0,"parent":0,"menu_order":0,"comment_status":"closed","ping_status":"closed","template":"","meta":{"footnotes":""},"class_list":["post-909","page","type-page","status-publish","hentry"],"_links":{"self":[{"href":"https:\/\/stg.ceesar.fr\/index.php\/wp-json\/wp\/v2\/pages\/909","targetHints":{"allow":["GET"]}}],"collection":[{"href":"https:\/\/stg.ceesar.fr\/index.php\/wp-json\/wp\/v2\/pages"}],"about":[{"href":"https:\/\/stg.ceesar.fr\/index.php\/wp-json\/wp\/v2\/types\/page"}],"author":[{"embeddable":true,"href":"https:\/\/stg.ceesar.fr\/index.php\/wp-json\/wp\/v2\/users\/1"}],"replies":[{"embeddable":true,"href":"https:\/\/stg.ceesar.fr\/index.php\/wp-json\/wp\/v2\/comments?post=909"}],"version-history":[{"count":3,"href":"https:\/\/stg.ceesar.fr\/index.php\/wp-json\/wp\/v2\/pages\/909\/revisions"}],"predecessor-version":[{"id":946,"href":"https:\/\/stg.ceesar.fr\/index.php\/wp-json\/wp\/v2\/pages\/909\/revisions\/946"}],"wp:attachment":[{"href":"https:\/\/stg.ceesar.fr\/index.php\/wp-json\/wp\/v2\/media?parent=909"}],"curies":[{"name":"wp","href":"https:\/\/api.w.org\/{rel}","templated":true}]}}