{"id":510,"date":"2025-03-26T17:18:09","date_gmt":"2025-03-26T16:18:09","guid":{"rendered":"https:\/\/stg.ceesar.fr\/?page_id=510"},"modified":"2025-06-11T19:47:14","modified_gmt":"2025-06-11T17:47:14","slug":"nos-projets","status":"publish","type":"page","link":"https:\/\/stg.ceesar.fr\/index.php\/nos-projets\/","title":{"rendered":"Nos Projets"},"content":{"rendered":"\n<p>Le CEESAR r\u00e9alise de nombreux projets confidentiels pour les besoins de ses partenaires. Il r\u00e9alise \u00e9galement des projets autofinanc\u00e9s, et participe r\u00e9guli\u00e8rement \u00e0 des projets collaboratifs dont les r\u00e9sultats sont g\u00e9n\u00e9ralement publics. Ces projets sont list\u00e9s ci-dessous.<\/p>\n\n\n\n<div class=\"wp-block-query alignwide is-layout-flow wp-block-query-is-layout-flow\"><ul class=\"columns-3 wp-block-post-template is-layout-grid wp-container-core-post-template-is-layout-fa38c3f2 wp-block-post-template-is-layout-grid\"><li class=\"wp-block-post post-838 post type-post status-publish format-standard hentry category-projets category-projetsbiomecanique\">\n<h2 style=\"padding-top:0;padding-bottom:0;margin-top:0;margin-bottom:0;\" class=\"wp-block-post-title\">ENOP<\/h2>\n\n<div style=\"color:#8996a9; margin-top:0;margin-bottom:0;\" class=\"has-link-color wp-elements-50ac98608b9f806148a4898d8021e163 wp-block-post-excerpt has-text-color has-medium-font-size\"><p class=\"wp-block-post-excerpt__excerpt\">Ce projet \u00e9tudie la r\u00e9ponse du corps humain dans des postures semi-allong\u00e9es en cas de choc frontal. L&rsquo;exigence de protection dans ces postures pourrait devenir pr\u00e9gnant dans le futur si leur usage devient plus fr\u00e9quent, du\u2026<\/p><p class=\"wp-block-post-excerpt__more-text\"><a class=\"wp-block-post-excerpt__more-link\" href=\"https:\/\/stg.ceesar.fr\/index.php\/2025\/04\/18\/enop\/\">Lire la suite<\/a><\/p><\/div>\n<\/li><li class=\"wp-block-post post-57 post type-post status-publish format-standard hentry category-projets category-projetsaccidentologie category-projetscomportement\">\n<h2 style=\"padding-top:0;padding-bottom:0;margin-top:0;margin-bottom:0;\" class=\"wp-block-post-title\">Synergies<\/h2>\n\n<div style=\"color:#8996a9; margin-top:0;margin-bottom:0;\" class=\"has-link-color wp-elements-50ac98608b9f806148a4898d8021e163 wp-block-post-excerpt has-text-color has-medium-font-size\"><p class=\"wp-block-post-excerpt__excerpt\">Le projet europ\u00e9en SYNERGIES a pour mission principale de concevoir et de fournir les outils et m\u00e9thodes n\u00e9cessaires \u00e0 la cr\u00e9ation d&rsquo;une base de donn\u00e9es de sc\u00e9narios de r\u00e9f\u00e9rence \u00e0 l&rsquo;\u00e9chelle europ\u00e9enne. Cette base est essentielle\u2026<\/p><p class=\"wp-block-post-excerpt__more-text\"><a class=\"wp-block-post-excerpt__more-link\" href=\"https:\/\/stg.ceesar.fr\/index.php\/2025\/03\/24\/synergies\/\">Lire la suite<\/a><\/p><\/div>\n<\/li><li class=\"wp-block-post post-73 post type-post status-publish format-standard hentry category-projets category-projetsaccidentologie\">\n<h2 style=\"padding-top:0;padding-bottom:0;margin-top:0;margin-bottom:0;\" class=\"wp-block-post-title\">Improva<\/h2>\n\n<div style=\"color:#8996a9; margin-top:0;margin-bottom:0;\" class=\"has-link-color wp-elements-50ac98608b9f806148a4898d8021e163 wp-block-post-excerpt has-text-color has-medium-font-size\"><p class=\"wp-block-post-excerpt__excerpt\">Le CEESAR est partenaire et responsable de plusieurs t\u00e2ches dans le projet IMPROVA (Injury Mitigation to PROmote Vision-zero Achievement), un projet fond\u00e9 par la Commission Europ\u00e9enne. Ce projet a pour ambition de renforcer la s\u00e9curit\u00e9 routi\u00e8re\u2026<\/p><p class=\"wp-block-post-excerpt__more-text\"><a class=\"wp-block-post-excerpt__more-link\" href=\"https:\/\/stg.ceesar.fr\/index.php\/2024\/03\/23\/improva\/\">Lire la suite<\/a><\/p><\/div>\n<\/li><li class=\"wp-block-post post-75 post type-post status-publish format-standard hentry category-projets category-projetscomportement\">\n<h2 style=\"padding-top:0;padding-bottom:0;margin-top:0;margin-bottom:0;\" class=\"wp-block-post-title\">Avicona<\/h2>\n\n<div style=\"color:#8996a9; margin-top:0;margin-bottom:0;\" class=\"has-link-color wp-elements-50ac98608b9f806148a4898d8021e163 wp-block-post-excerpt has-text-color has-medium-font-size\"><p class=\"wp-block-post-excerpt__excerpt\">AVICONA (Adaptation de la VItesse en COnduite NAturelle) est un projet financ\u00e9 par la D\u00e9l\u00e9gation \u00e0 la S\u00e9curit\u00e9 Routi\u00e8re, r\u00e9alis\u00e9 en collaboration avec l&rsquo;Universit\u00e9 Gustave Eiffel, qui vise \u00e0 \u00e9tudier les d\u00e9terminants de la vitesse r\u00e9ellement\u2026<\/p><p class=\"wp-block-post-excerpt__more-text\"><a class=\"wp-block-post-excerpt__more-link\" href=\"https:\/\/stg.ceesar.fr\/index.php\/2024\/03\/01\/avicona\/\">Lire la suite<\/a><\/p><\/div>\n<\/li><li class=\"wp-block-post post-70 post type-post status-publish format-standard hentry category-projets category-projetscomportement\">\n<h2 style=\"padding-top:0;padding-bottom:0;margin-top:0;margin-bottom:0;\" class=\"wp-block-post-title\">Adasafe<\/h2>\n\n<div style=\"color:#8996a9; margin-top:0;margin-bottom:0;\" class=\"has-link-color wp-elements-50ac98608b9f806148a4898d8021e163 wp-block-post-excerpt has-text-color has-medium-font-size\"><p class=\"wp-block-post-excerpt__excerpt\">ADASAFE est un projet financ\u00e9 par la D\u00e9l\u00e9gation S\u00e9curit\u00e9 Routi\u00e8re et r\u00e9alis\u00e9 en collaboration avec le LAB et Ergocentre, qui vise \u00e0 \u00e9tudier l\u2019utilisation des ADAS dynamiques par des automobilistes qui sont des utilisateurs et utilisatrices\u2026<\/p><p class=\"wp-block-post-excerpt__more-text\"><a class=\"wp-block-post-excerpt__more-link\" href=\"https:\/\/stg.ceesar.fr\/index.php\/2024\/03\/01\/adasafe\/\">Lire la suite<\/a><\/p><\/div>\n<\/li><li class=\"wp-block-post post-1127 post type-post status-publish format-standard hentry category-projets category-projetsbiomecanique\">\n<h2 style=\"padding-top:0;padding-bottom:0;margin-top:0;margin-bottom:0;\" class=\"wp-block-post-title\">GHBMC<\/h2>\n\n<div style=\"color:#8996a9; margin-top:0;margin-bottom:0;\" class=\"has-link-color wp-elements-50ac98608b9f806148a4898d8021e163 wp-block-post-excerpt has-text-color has-medium-font-size\"><p class=\"wp-block-post-excerpt__excerpt\">L\u2019objectif de ce projet \u00e9tait de fiabiliser l\u2019utilisation des mod\u00e8les num\u00e9riques de corps humains \u00ab&nbsp;GHBMC&nbsp;\u00bb dans les codes de calcul VPS et RADIOSS. Projet termin\u00e9 \u2713 Le GHBMC (Global Human Body Models Consortium) est un consortium\u2026<\/p><p class=\"wp-block-post-excerpt__more-text\"><a class=\"wp-block-post-excerpt__more-link\" href=\"https:\/\/stg.ceesar.fr\/index.php\/2024\/02\/01\/projet-conversion-du-ghbmc\/\">Lire la suite<\/a><\/p><\/div>\n<\/li><li class=\"wp-block-post post-675 post type-post status-publish format-standard hentry category-projets category-projetsaccidentologie\">\n<h2 style=\"padding-top:0;padding-bottom:0;margin-top:0;margin-bottom:0;\" class=\"wp-block-post-title\">OASIM<\/h2>\n\n<div style=\"color:#8996a9; margin-top:0;margin-bottom:0;\" class=\"has-link-color wp-elements-50ac98608b9f806148a4898d8021e163 wp-block-post-excerpt has-text-color has-medium-font-size\"><p class=\"wp-block-post-excerpt__excerpt\">En Asie du Sud-Est, pr\u00e8s de 43 % des personnes tu\u00e9es sur la route sont des utilisateurs de deux-roues motoris\u00e9s (WHO, Global Status Report on Road Safety, 2018). Cette surrepr\u00e9sentation, nettement plus marqu\u00e9e que dans les\u2026<\/p><p class=\"wp-block-post-excerpt__more-text\"><a class=\"wp-block-post-excerpt__more-link\" href=\"https:\/\/stg.ceesar.fr\/index.php\/2024\/01\/01\/oasim\/\">Lire la suite<\/a><\/p><\/div>\n<\/li><li class=\"wp-block-post post-77 post type-post status-publish format-standard hentry category-projets category-projetscomportement\">\n<h2 style=\"padding-top:0;padding-bottom:0;margin-top:0;margin-bottom:0;\" class=\"wp-block-post-title\">Uscoma<\/h2>\n\n<div style=\"color:#8996a9; margin-top:0;margin-bottom:0;\" class=\"has-link-color wp-elements-50ac98608b9f806148a4898d8021e163 wp-block-post-excerpt has-text-color has-medium-font-size\"><p class=\"wp-block-post-excerpt__excerpt\">USCOMA (Utilisation du Smartphone en COnduite Manuelle et Automatis\u00e9e) est un projet financ\u00e9 par la D\u00e9l\u00e9gation \u00e0 la S\u00e9curit\u00e9 Routi\u00e8re, r\u00e9alis\u00e9 par le CEESAR en collaboration avec l&rsquo;Universit\u00e9 Gustave Eiffel, le LAB et WASSA, traitant de\u2026<\/p><p class=\"wp-block-post-excerpt__more-text\"><a class=\"wp-block-post-excerpt__more-link\" href=\"https:\/\/stg.ceesar.fr\/index.php\/2023\/04\/04\/uscoma\/\">Lire la suite<\/a><\/p><\/div>\n<\/li><li class=\"wp-block-post post-682 post type-post status-publish format-standard hentry category-projets category-projetsaccidentologie\">\n<h2 style=\"padding-top:0;padding-bottom:0;margin-top:0;margin-bottom:0;\" class=\"wp-block-post-title\">SURCA<\/h2>\n\n<div style=\"color:#8996a9; margin-top:0;margin-bottom:0;\" class=\"has-link-color wp-elements-50ac98608b9f806148a4898d8021e163 wp-block-post-excerpt has-text-color has-medium-font-size\"><p class=\"wp-block-post-excerpt__excerpt\">Les questions soulev\u00e9es par la cohabitation entre v\u00e9hicules de plus en plus automatis\u00e9s et v\u00e9hicules conventionnels, ainsi que par la pr\u00e9sence d\u2019usagers vuln\u00e9rables (cyclistes, pi\u00e9tons, conducteurs de deux-roues motoris\u00e9s), sont aujourd\u2019hui au c\u0153ur des pr\u00e9occupations des\u2026<\/p><p class=\"wp-block-post-excerpt__more-text\"><a class=\"wp-block-post-excerpt__more-link\" href=\"https:\/\/stg.ceesar.fr\/index.php\/2023\/04\/01\/surca\/\">Lire la suite<\/a><\/p><\/div>\n<\/li><\/ul>\n\n\n<div style=\"height:24px\" aria-hidden=\"true\" class=\"wp-block-spacer\"><\/div>\n\n\n<nav class=\"wp-block-query-pagination is-content-justification-space-between is-layout-flex wp-container-core-query-pagination-is-layout-b2891da8 wp-block-query-pagination-is-layout-flex\" aria-label=\"Pagination\">\n\n\n<div class=\"wp-block-query-pagination-numbers\"><span aria-current=\"page\" class=\"page-numbers current\">1<\/span>\n<a class=\"page-numbers\" href=\"?query-137-page=2\">2<\/a><\/div>\n\n<a href=\"\/index.php\/wp-json\/wp\/v2\/pages\/510?query-137-page=2\" class=\"wp-block-query-pagination-next\">Page suivante<\/a>\n<\/nav>\n\n<\/div>\n\n\n\n<div style=\"height:24px\" aria-hidden=\"true\" class=\"wp-block-spacer\"><\/div>\n\n\n\n<div class=\"wp-block-group alignwide has-base-2-color has-accent-3-background-color has-text-color has-background has-link-color wp-elements-ff9fd4a1ea3830b7d2ac101387de347e has-global-padding is-layout-constrained wp-container-core-group-is-layout-d89aad35 wp-block-group-is-layout-constrained\" style=\"border-radius:24px;margin-top:0;margin-bottom:0;padding-top:var(--wp--preset--spacing--50);padding-right:var(--wp--preset--spacing--50);padding-bottom:var(--wp--preset--spacing--50);padding-left:var(--wp--preset--spacing--50)\">\n<div class=\"wp-block-columns alignwide is-layout-flex wp-container-core-columns-is-layout-1da03c2a wp-block-columns-is-layout-flex\">\n<div class=\"wp-block-column is-vertically-aligned-center is-layout-flow wp-block-column-is-layout-flow\" style=\"flex-basis:60%\">\n<figure class=\"wp-block-image size-full is-style-rounded wp-duotone-duotone-1 is-style-rounded--1\"><img loading=\"lazy\" decoding=\"async\" width=\"2079\" height=\"1494\" src=\"https:\/\/stg.ceesar.fr\/wp-content\/uploads\/2025\/04\/hands.jpg\" alt=\"\" class=\"wp-image-865\" style=\"aspect-ratio:4\/3;object-fit:cover\" srcset=\"https:\/\/stg.ceesar.fr\/wp-content\/uploads\/2025\/04\/hands.jpg 2079w, https:\/\/stg.ceesar.fr\/wp-content\/uploads\/2025\/04\/hands-300x216.jpg 300w, https:\/\/stg.ceesar.fr\/wp-content\/uploads\/2025\/04\/hands-1024x736.jpg 1024w, https:\/\/stg.ceesar.fr\/wp-content\/uploads\/2025\/04\/hands-768x552.jpg 768w, https:\/\/stg.ceesar.fr\/wp-content\/uploads\/2025\/04\/hands-1536x1104.jpg 1536w, https:\/\/stg.ceesar.fr\/wp-content\/uploads\/2025\/04\/hands-2048x1472.jpg 2048w\" sizes=\"auto, (max-width: 2079px) 100vw, 2079px\" \/><\/figure>\n<\/div>\n\n\n\n<div class=\"wp-block-column is-layout-flow wp-block-column-is-layout-flow\" style=\"flex-basis:40%\">\n<h2 class=\"wp-block-heading has-base-2-color has-text-color has-link-color wp-elements-52eab5be1ae1a0e31be8f5e01616d8e9\">Une id\u00e9e de projet ?<\/h2>\n\n\n\n<p>Qu\u2019il s\u2019agisse de prot\u00e9ger les personnes vis-\u00e0-vis de risques <em>non <\/em>routiers ou d\u2019am\u00e9liorer la conduite des v\u00e9hicules, pour la s\u00e9curit\u00e9 et l\u2019\u00e9cologie, en Europe et ailleurs, nous sommes pr\u00eats \u00e0 relever de nouveaux d\u00e9fis !<\/p>\n\n\n\n<p>N&rsquo;h\u00e9sitez pas \u00e0 nous contacter si vous souhaitez collaborer avec nous, ou nous confier des travaux de recherche en coh\u00e9rence avec notre vocation.<\/p>\n\n\n\n<div class=\"wp-block-buttons is-layout-flex wp-block-buttons-is-layout-flex\">\n<div class=\"wp-block-button is-style-fill\"><a class=\"wp-block-button__link has-accent-3-color has-base-2-background-color has-text-color has-background has-link-color wp-element-button\" href=\"https:\/\/stg.ceesar.fr\/index.php\/pour-nous-contacter\/\">Nous contacter<\/a><\/div>\n<\/div>\n<\/div>\n<\/div>\n<\/div>\n\n\n\n<div style=\"height:48px\" aria-hidden=\"true\" class=\"wp-block-spacer\"><\/div>\n","protected":false},"excerpt":{"rendered":"<p>Le CEESAR r\u00e9alise de nombreux projets confidentiels pour les besoins de ses partenaires. Il r\u00e9alise \u00e9galement des projets autofinanc\u00e9s, et participe r\u00e9guli\u00e8rement \u00e0 des projets collaboratifs dont les r\u00e9sultats sont g\u00e9n\u00e9ralement publics. Ces projets sont list\u00e9s ci-dessous. Une id\u00e9e de projet ? Qu\u2019il s\u2019agisse de prot\u00e9ger les personnes vis-\u00e0-vis de risques non routiers ou d\u2019am\u00e9liorer [&hellip;]<\/p>\n","protected":false},"author":1,"featured_media":0,"parent":0,"menu_order":0,"comment_status":"closed","ping_status":"closed","template":"","meta":{"footnotes":""},"class_list":["post-510","page","type-page","status-publish","hentry"],"_links":{"self":[{"href":"https:\/\/stg.ceesar.fr\/index.php\/wp-json\/wp\/v2\/pages\/510","targetHints":{"allow":["GET"]}}],"collection":[{"href":"https:\/\/stg.ceesar.fr\/index.php\/wp-json\/wp\/v2\/pages"}],"about":[{"href":"https:\/\/stg.ceesar.fr\/index.php\/wp-json\/wp\/v2\/types\/page"}],"author":[{"embeddable":true,"href":"https:\/\/stg.ceesar.fr\/index.php\/wp-json\/wp\/v2\/users\/1"}],"replies":[{"embeddable":true,"href":"https:\/\/stg.ceesar.fr\/index.php\/wp-json\/wp\/v2\/comments?post=510"}],"version-history":[{"count":14,"href":"https:\/\/stg.ceesar.fr\/index.php\/wp-json\/wp\/v2\/pages\/510\/revisions"}],"predecessor-version":[{"id":1102,"href":"https:\/\/stg.ceesar.fr\/index.php\/wp-json\/wp\/v2\/pages\/510\/revisions\/1102"}],"wp:attachment":[{"href":"https:\/\/stg.ceesar.fr\/index.php\/wp-json\/wp\/v2\/media?parent=510"}],"curies":[{"name":"wp","href":"https:\/\/api.w.org\/{rel}","templated":true}]}}