{"id":341,"date":"2025-03-21T13:56:32","date_gmt":"2025-03-21T12:56:32","guid":{"rendered":"https:\/\/stg.ceesar.fr\/?page_id=341"},"modified":"2025-06-11T20:06:57","modified_gmt":"2025-06-11T18:06:57","slug":"pour-nous-contacter","status":"publish","type":"page","link":"https:\/\/stg.ceesar.fr\/index.php\/pour-nous-contacter\/","title":{"rendered":"Pour nous contacter"},"content":{"rendered":"\n<p>Merci de votre int\u00e9r\u00eat ! <\/p>\n\n\n\n<p>Vous pouvez nous laisser un message en utilisant le formulaire de contact ci-dessous, ou nous contacter par t\u00e9l\u00e9phone au <strong><a href=\"tel:0184785861\">01 84 78 58 61<\/a><\/strong>.<\/p>\n\n\n<style id=\"wpforms-css-vars-337-block-b6db0b12-a388-42eb-b316-7b144e3bfbd7\">\n\t\t\t\t#wpforms-337.wpforms-block-b6db0b12-a388-42eb-b316-7b144e3bfbd7 {\n\t\t\t\t--wpforms-label-sublabel-color: #8a98a8;\n--wpforms-label-error-color: #ca323a;\n--wpforms-field-border-radius: 1px;\n--wpforms-button-border-radius: 4px;\n--wpforms-button-background-color: #000000;\n--wpforms-field-size-input-height: 43px;\n--wpforms-field-size-input-spacing: 15px;\n--wpforms-field-size-font-size: 16px;\n--wpforms-field-size-line-height: 19px;\n--wpforms-field-size-padding-h: 14px;\n--wpforms-field-size-checkbox-size: 16px;\n--wpforms-field-size-sublabel-spacing: 5px;\n--wpforms-field-size-icon-size: 1;\n--wpforms-label-size-font-size: 16px;\n--wpforms-label-size-line-height: 19px;\n--wpforms-label-size-sublabel-font-size: 14px;\n--wpforms-label-size-sublabel-line-height: 17px;\n--wpforms-button-size-font-size: 17px;\n--wpforms-button-size-height: 41px;\n--wpforms-button-size-padding-h: 15px;\n--wpforms-button-size-margin-top: 10px;\n\n\t\t\t}\n\t\t\t<\/style><div class=\"wpforms-container wpforms-container-full wpforms-block wpforms-block-b6db0b12-a388-42eb-b316-7b144e3bfbd7 wpforms-render-modern\" id=\"wpforms-337\"><form id=\"wpforms-form-337\" class=\"wpforms-validate wpforms-form wpforms-ajax-form\" data-formid=\"337\" method=\"post\" enctype=\"multipart\/form-data\" action=\"\/index.php\/wp-json\/wp\/v2\/pages\/341\" data-token=\"2099da118966f2cb145c900893421b61\" data-token-time=\"1776141051\"><noscript class=\"wpforms-error-noscript\">Veuillez activer JavaScript dans votre navigateur pour remplir ce formulaire.<\/noscript><div class=\"wpforms-hidden\" id=\"wpforms-error-noscript\">Veuillez activer JavaScript dans votre navigateur pour remplir ce formulaire.<\/div><div class=\"wpforms-field-container\"><div id=\"wpforms-337-field_1-container\" class=\"wpforms-field wpforms-field-name\" data-field-id=\"1\"><fieldset><legend class=\"wpforms-field-label\">Pr\u00e9nom, Nom <span class=\"wpforms-required-label\" aria-hidden=\"true\">*<\/span><\/legend><div class=\"wpforms-field-row wpforms-field-medium\"><div class=\"wpforms-field-row-block wpforms-first wpforms-one-half\"><input type=\"text\" id=\"wpforms-337-field_1\" class=\"wpforms-field-name-first wpforms-field-required\" name=\"wpforms[fields][1][first]\" aria-errormessage=\"wpforms-337-field_1-error\" required><label for=\"wpforms-337-field_1\" class=\"wpforms-field-sublabel after\">Pr\u00e9nom<\/label><\/div><div class=\"wpforms-field-row-block wpforms-one-half\"><input type=\"text\" id=\"wpforms-337-field_1-last\" class=\"wpforms-field-name-last wpforms-field-required\" name=\"wpforms[fields][1][last]\" aria-errormessage=\"wpforms-337-field_1-last-error\" required><label for=\"wpforms-337-field_1-last\" class=\"wpforms-field-sublabel after\">Nom<\/label><\/div><\/div><\/fieldset><\/div><div id=\"wpforms-337-field_2-container\" class=\"wpforms-field wpforms-field-email\" data-field-id=\"2\"><label class=\"wpforms-field-label\" for=\"wpforms-337-field_2\">E-mail <span class=\"wpforms-required-label\" aria-hidden=\"true\">*<\/span><\/label><input type=\"email\" id=\"wpforms-337-field_2\" class=\"wpforms-field-medium wpforms-field-required\" name=\"wpforms[fields][2]\" spellcheck=\"false\" aria-errormessage=\"wpforms-337-field_2-error\" required><\/div><div id=\"wpforms-337-field_9-container\" class=\"wpforms-field wpforms-field-text\" data-field-id=\"9\"><label class=\"wpforms-field-label\" for=\"wpforms-337-field_9\">Entreprise<\/label><input type=\"text\" id=\"wpforms-337-field_9\" class=\"wpforms-field-medium\" name=\"wpforms[fields][9]\" aria-errormessage=\"wpforms-337-field_9-error\" ><\/div><div id=\"wpforms-337-field_8-container\" class=\"wpforms-field wpforms-field-text\" data-field-id=\"8\"><label class=\"wpforms-field-label\" for=\"wpforms-337-field_8\">T\u00e9l\u00e9phone<\/label><input type=\"text\" id=\"wpforms-337-field_8\" class=\"wpforms-field-medium\" name=\"wpforms[fields][8]\" aria-errormessage=\"wpforms-337-field_8-error\" ><\/div><div id=\"wpforms-337-field_3-container\" class=\"wpforms-field wpforms-field-textarea\" data-field-id=\"3\"><label class=\"wpforms-field-label\" for=\"wpforms-337-field_3\">Commentaire ou message<\/label><textarea id=\"wpforms-337-field_3\" class=\"wpforms-field-large\" name=\"wpforms[fields][3]\" aria-errormessage=\"wpforms-337-field_3-error\" aria-describedby=\"wpforms-337-field_3-description\" ><\/textarea><div id=\"wpforms-337-field_3-description\" class=\"wpforms-field-description\">Les informations recueillies via ce formulaire sont enregistr\u00e9es par le CEESAR pour r\u00e9pondre \u00e0 votre demande. Elles sont conserv\u00e9es pendant 3 ans.\nVous pouvez exercer vos droits (acc\u00e8s, rectification, effacement, opposition) en \u00e9crivant \u00e0\u00a0data.privacy@ceesar.fr. <a href=\"http:\/\/servwrdpress-desc01.ceesar-desc.lan\/index.php\/mentions-legales\/\">Voir la politique de confidentialit\u00e9<\/a><\/div><\/div><div id=\"wpforms-337-field_6-container\" class=\"wpforms-field wpforms-field-payment-checkbox\" data-field-id=\"6\"><fieldset><legend class=\"wpforms-field-label wpforms-label-hide\" aria-hidden=\"false\"> <span class=\"wpforms-required-label\" aria-hidden=\"true\">*<\/span><\/legend><ul id=\"wpforms-337-field_6\" class=\"wpforms-field-required\"><li class=\"choice-1\"><input type=\"checkbox\" id=\"wpforms-337-field_6_1\" class=\"wpforms-payment-price\" data-amount=\"0.00\" name=\"wpforms[fields][6][]\" value=\"1\" aria-errormessage=\"wpforms-337-field_6_1-error\" required ><label class=\"wpforms-field-label-inline\" for=\"wpforms-337-field_6_1\">J\u2019ai lu et j\u2019accepte les conditions de traitement de mes donn\u00e9es conformes \u00e0 la <a href=\"http:\/\/servwrdpress-desc01.ceesar-desc.lan\/index.php\/mentions-legales\/\">politique de confidentialit\u00e9<\/a>.<\/label><\/li><\/ul><\/fieldset><\/div><\/div><!-- .wpforms-field-container --><div class=\"wpforms-submit-container\" ><input type=\"hidden\" name=\"wpforms[id]\" value=\"337\"><input type=\"hidden\" name=\"page_title\" value=\"\"><input type=\"hidden\" name=\"page_url\" value=\"https:\/\/stg.ceesar.fr\/index.php\/wp-json\/wp\/v2\/pages\/341\"><input type=\"hidden\" name=\"url_referer\" value=\"\"><button type=\"submit\" name=\"wpforms[submit]\" id=\"wpforms-submit-337\" class=\"wpforms-submit\" data-alt-text=\"Envoi...\" data-submit-text=\"Envoyer\" aria-live=\"assertive\" value=\"wpforms-submit\">Envoyer<\/button><img loading=\"lazy\" decoding=\"async\" src=\"https:\/\/stg.ceesar.fr\/wp-content\/plugins\/wpforms\/assets\/images\/submit-spin.svg\" class=\"wpforms-submit-spinner\" style=\"display: none;\" width=\"26\" height=\"26\" alt=\"Chargement en cours\"><\/div><\/form><\/div>  <!-- .wpforms-container -->","protected":false},"excerpt":{"rendered":"<p>Merci de votre int\u00e9r\u00eat ! Vous pouvez nous laisser un message en utilisant le formulaire de contact ci-dessous, ou nous contacter par t\u00e9l\u00e9phone au 01 84 78 58 61.<\/p>\n","protected":false},"author":1,"featured_media":0,"parent":0,"menu_order":0,"comment_status":"closed","ping_status":"closed","template":"","meta":{"footnotes":""},"class_list":["post-341","page","type-page","status-publish","hentry"],"_links":{"self":[{"href":"https:\/\/stg.ceesar.fr\/index.php\/wp-json\/wp\/v2\/pages\/341","targetHints":{"allow":["GET"]}}],"collection":[{"href":"https:\/\/stg.ceesar.fr\/index.php\/wp-json\/wp\/v2\/pages"}],"about":[{"href":"https:\/\/stg.ceesar.fr\/index.php\/wp-json\/wp\/v2\/types\/page"}],"author":[{"embeddable":true,"href":"https:\/\/stg.ceesar.fr\/index.php\/wp-json\/wp\/v2\/users\/1"}],"replies":[{"embeddable":true,"href":"https:\/\/stg.ceesar.fr\/index.php\/wp-json\/wp\/v2\/comments?post=341"}],"version-history":[{"count":6,"href":"https:\/\/stg.ceesar.fr\/index.php\/wp-json\/wp\/v2\/pages\/341\/revisions"}],"predecessor-version":[{"id":1108,"href":"https:\/\/stg.ceesar.fr\/index.php\/wp-json\/wp\/v2\/pages\/341\/revisions\/1108"}],"wp:attachment":[{"href":"https:\/\/stg.ceesar.fr\/index.php\/wp-json\/wp\/v2\/media?parent=341"}],"curies":[{"name":"wp","href":"https:\/\/api.w.org\/{rel}","templated":true}]}}