{"id":210,"date":"2025-03-20T18:09:38","date_gmt":"2025-03-20T17:09:38","guid":{"rendered":"https:\/\/stg.ceesar.fr\/?page_id=210"},"modified":"2025-03-27T15:12:26","modified_gmt":"2025-03-27T14:12:26","slug":"nous-rendre-visite","status":"publish","type":"page","link":"https:\/\/stg.ceesar.fr\/index.php\/nous-rendre-visite\/","title":{"rendered":"Nous rendre visite"},"content":{"rendered":"\n<p>Le CEESAR est situ\u00e9 au <strong>215, avenue Georges Clemenceau \u00e0 Nanterre<\/strong>, pr\u00e8s du quartier d&rsquo;affaires de La D\u00e9fense.<\/p>\n\n\n\n<h3 class=\"wp-block-heading\">Acc\u00e8s en v\u00e9lo et en 2 roues motoris\u00e9s<\/h3>\n\n\n\n<ul class=\"wp-block-list\">\n<li>Un garage \u00e0 v\u00e9lo couvert est disponible sur l\u2019esplanade devant le b\u00e2timent.<\/li>\n\n\n\n<li>Des places 2-roues avec ancrage sont \u00e9galement disponibles sur l\u2019esplanade.<\/li>\n<\/ul>\n\n\n\n<h3 class=\"wp-block-heading\">Acc\u00e8s en transports<\/h3>\n\n\n\n<ul class=\"wp-block-list\">\n<li>Nos locaux sont accessibles depuis La D\u00e9fense en utilisant le bus 258, arr\u00eat les Fontenelles. (arr\u00eat F\u00e9lix Faure dans l\u2019autre sens)<\/li>\n\n\n\n<li>Il est \u00e9galement possible de rejoindre le CEESAR depuis la gare RER Nanterre Pr\u00e9fecture, en traversant \u00e0 pied le parc Andr\u00e9 Malraux (1,3 km \/ ~25 minutes)<\/li>\n<\/ul>\n\n\n\n<h3 class=\"wp-block-heading\">Acc\u00e8s en voiture<\/h3>\n\n\n\n<ul class=\"wp-block-list\">\n<li>Avancez jusqu\u2019\u00e0 la barri\u00e8re au 215, avenue Georges Clemenceau et sonnez pour rentrer sur le parking visiteurs.<\/li>\n<\/ul>\n\n\n\n<div class=\"alignwide wp-block-gmap-gmap-block gmap-block-ni4jokm7\"><iframe src=\"https:\/\/maps.google.com\/maps?q=C.E.E.S.A.R&amp;z=10&amp;t=roadmap&amp;output=embed\" class=\"embd-map\" title=\"C.E.E.S.A.R\"><\/iframe><\/div>\n","protected":false},"excerpt":{"rendered":"<p>Le CEESAR est situ\u00e9 au 215, avenue Georges Clemenceau \u00e0 Nanterre, pr\u00e8s du quartier d&rsquo;affaires de La D\u00e9fense. Acc\u00e8s en v\u00e9lo et en 2 roues motoris\u00e9s Acc\u00e8s en transports Acc\u00e8s en voiture<\/p>\n","protected":false},"author":1,"featured_media":0,"parent":0,"menu_order":0,"comment_status":"closed","ping_status":"closed","template":"","meta":{"footnotes":""},"class_list":["post-210","page","type-page","status-publish","hentry"],"_links":{"self":[{"href":"https:\/\/stg.ceesar.fr\/index.php\/wp-json\/wp\/v2\/pages\/210","targetHints":{"allow":["GET"]}}],"collection":[{"href":"https:\/\/stg.ceesar.fr\/index.php\/wp-json\/wp\/v2\/pages"}],"about":[{"href":"https:\/\/stg.ceesar.fr\/index.php\/wp-json\/wp\/v2\/types\/page"}],"author":[{"embeddable":true,"href":"https:\/\/stg.ceesar.fr\/index.php\/wp-json\/wp\/v2\/users\/1"}],"replies":[{"embeddable":true,"href":"https:\/\/stg.ceesar.fr\/index.php\/wp-json\/wp\/v2\/comments?post=210"}],"version-history":[{"count":6,"href":"https:\/\/stg.ceesar.fr\/index.php\/wp-json\/wp\/v2\/pages\/210\/revisions"}],"predecessor-version":[{"id":1012,"href":"https:\/\/stg.ceesar.fr\/index.php\/wp-json\/wp\/v2\/pages\/210\/revisions\/1012"}],"wp:attachment":[{"href":"https:\/\/stg.ceesar.fr\/index.php\/wp-json\/wp\/v2\/media?parent=210"}],"curies":[{"name":"wp","href":"https:\/\/api.w.org\/{rel}","templated":true}]}}